{"id":16,"date":"2026-01-31T11:59:33","date_gmt":"2026-01-31T11:59:33","guid":{"rendered":"https:\/\/cantaevreni.com.tr\/?page_id=16"},"modified":"2026-04-20T17:43:02","modified_gmt":"2026-04-20T17:43:02","slug":"ana-sayfa","status":"publish","type":"page","link":"https:\/\/cantaevreni.com.tr\/","title":{"rendered":"Ana Sayfa"},"content":{"rendered":"\n<p>        .canta-grid {<br \/>\n            display: grid;<br \/>\n            grid-template-columns: repeat(auto-fill, minmax(200px, 1fr));<br \/>\n            gap: 25px;<br \/>\n            padding: 40px 5%;<br \/>\n            background: #fdfdfd;<br \/>\n        }<br \/>\n        .canta-item {<br \/>\n            background: #fff;<br \/>\n            border-radius: 15px;<br \/>\n            overflow: hidden;<br \/>\n            box-shadow: 0 10px 30px rgba(0,0,0,0.08);<br \/>\n            transition: transform 0.3s ease, box-shadow 0.3s ease;<br \/>\n            text-align: center;<br \/>\n            border: 1px solid #f0f0f0;<br \/>\n            cursor: pointer;<br \/>\n            text-decoration: none;<br \/>\n            color: #333;<br \/>\n        }<br \/>\n        .canta-item:hover {<br \/>\n            transform: translateY(-10px);<br \/>\n            box-shadow: 0 15px 40px rgba(0,0,0,0.12);<br \/>\n        }<br \/>\n        .canta-item img {<br \/>\n            width: 100%;<br \/>\n            height: 200px;<br \/>\n            object-fit: cover;<br \/>\n            border-bottom: 1px solid #f9f9f9;<br \/>\n        }<br \/>\n        .canta-item h3 {<br \/>\n            margin: 0;<br \/>\n            padding: 15px;<br \/>\n            font-size: 16px;<br \/>\n            font-family: inherit;<br \/>\n            font-weight: 600;<br \/>\n        }<br \/>\n        .cat-title {<br \/>\n            text-align: center;<br \/>\n            font-size: 28px;<br \/>\n            margin-top: 50px;<br \/>\n            font-weight: 700;<br \/>\n            color: #222;<br \/>\n        }<\/p>\n<h2 class=\"cat-title\">Pop\u00fcler Kategorilerimiz<\/h2>\n<div class=\"canta-grid\"><a href=\"https:\/\/cantaevreni.com.tr\/urun-kategori\/evrak-cantasi\/\" class=\"canta-item\"><img decoding=\"async\" src=\"https:\/\/cantafuari.com\/wp-content\/uploads\/2024\/09\/evrak-c\u0327antasi.png\" alt=\"Evrak \u00c7antas\u0131\"><\/p>\n<h3>Evrak \u00c7antas\u0131<\/h3>\n<p><\/a><a href=\"https:\/\/cantaevreni.com.tr\/urun-kategori\/kisisel-bakim\/\" class=\"canta-item\"><img decoding=\"async\" src=\"https:\/\/cantafuari.com\/wp-content\/uploads\/2024\/09\/go\u0308z-bandi-2-370x370.png\" alt=\"Ki\u015fisel Bak\u0131m\"><\/p>\n<h3>Ki\u015fisel Bak\u0131m<\/h3>\n<p><\/a><a href=\"https:\/\/cantaevreni.com.tr\/urun-kategori\/plaj-sandalyesi\/\" class=\"canta-item\"><img decoding=\"async\" src=\"https:\/\/cantafuari.com\/wp-content\/uploads\/2024\/09\/evrak-c\u0327antasi-1-370x370.png\" alt=\"Plaj Sandalyesi\"><\/p>\n<h3>Plaj Sandalyesi<\/h3>\n<p><\/a><a href=\"https:\/\/cantaevreni.com.tr\/urun-kategori\/keceli-canta\/\" class=\"canta-item\"><img decoding=\"async\" src=\"https:\/\/cantafuari.com\/wp-content\/uploads\/2024\/08\/Adsiz-tasarim-37-370x370.png\" alt=\"Ke\u00e7eli \u00c7anta\"><\/p>\n<h3>Ke\u00e7eli \u00c7anta<\/h3>\n<p><\/a><a href=\"https:\/\/cantaevreni.com.tr\/urun-kategori\/goz-bandi\/\" class=\"canta-item\"><img decoding=\"async\" src=\"https:\/\/cantafuari.com\/wp-content\/uploads\/2024\/09\/go\u0308z-bandi.png\" alt=\"G\u00f6z Band\u0131\"><\/p>\n<h3>G\u00f6z Band\u0131<\/h3>\n<p><\/a><a href=\"https:\/\/cantaevreni.com.tr\/urun-kategori\/sirt-cantalari\/\" class=\"canta-item\"><img decoding=\"async\" src=\"https:\/\/cantafuari.com\/wp-content\/uploads\/2023\/11\/sirt-cantalari-370x370.jpg\" alt=\"S\u0131rt \u00c7antalar\u0131\"><\/p>\n<h3>S\u0131rt \u00c7antalar\u0131<\/h3>\n<p><\/a><a href=\"https:\/\/cantaevreni.com.tr\/urun-kategori\/ipli-buzgu\/\" class=\"canta-item\"><img decoding=\"async\" src=\"https:\/\/cantafuari.com\/wp-content\/uploads\/2023\/11\/omuz-ipli-cantalar-370x370.jpg\" alt=\"\u0130pli B\u00fczg\u00fc\"><\/p>\n<h3>\u0130pli B\u00fczg\u00fc<\/h3>\n<p><\/a><a href=\"https:\/\/cantaevreni.com.tr\/urun-kategori\/bel-cantalari\/\" class=\"canta-item\"><img decoding=\"async\" src=\"https:\/\/cantafuari.com\/wp-content\/uploads\/2023\/11\/bel-cantalari-370x370.jpg\" alt=\"Bel \u00c7antalar\u0131\"><\/p>\n<h3>Bel \u00c7antalar\u0131<\/h3>\n<p><\/a><a href=\"https:\/\/cantaevreni.com.tr\/urun-kategori\/sogutucu\/\" class=\"canta-item\"><img decoding=\"async\" src=\"https:\/\/cantafuari.com\/wp-content\/uploads\/2024\/08\/Adsiz-tasarim-33-e1722949679668-370x370.png\" alt=\"So\u011futucu\"><\/p>\n<h3>So\u011futucu<\/h3>\n<p><\/a><a href=\"https:\/\/cantaevreni.com.tr\/urun-kategori\/ham-bez\/\" class=\"canta-item\"><img decoding=\"async\" src=\"https:\/\/cantafuari.com\/wp-content\/uploads\/2023\/11\/ham-bez-cantalar-370x370.jpg\" alt=\"Ham Bez\"><\/p>\n<h3>Ham Bez<\/h3>\n<p><\/a><a href=\"https:\/\/cantaevreni.com.tr\/urun-kategori\/anne-bebek\/\" class=\"canta-item\"><img decoding=\"async\" src=\"https:\/\/cantafuari.com\/wp-content\/uploads\/2023\/11\/anne-bebek-cantalari-370x370.jpg\" alt=\"Anne Bebek\"><\/p>\n<h3>Anne Bebek<\/h3>\n<p><\/a><a href=\"https:\/\/cantaevreni.com.tr\/urun-kategori\/beslenme\/\" class=\"canta-item\"><img decoding=\"async\" src=\"https:\/\/cantafuari.com\/wp-content\/uploads\/2024\/03\/beslenme-cantalari-370x370.jpg\" alt=\"Beslenme\"><\/p>\n<h3>Beslenme<\/h3>\n<p><\/a><\/div>\n","protected":false},"excerpt":{"rendered":"<p>.canta-grid { display: grid; grid-template-columns: repeat(auto-fill, minmax(200px, 1fr)); gap: 25px; padding: 40px 5%; background: #fdfdfd; } .canta-item { background: #fff; border-radius: 15px; overflow: hidden; box-shadow:&#8230;<\/p>\n","protected":false},"author":1,"featured_media":0,"parent":0,"menu_order":0,"comment_status":"closed","ping_status":"closed","template":"","meta":{"footnotes":""},"class_list":["post-16","page","type-page","status-publish","hentry"],"amp_enabled":true,"_links":{"self":[{"href":"https:\/\/cantaevreni.com.tr\/index.php?rest_route=\/wp\/v2\/pages\/16","targetHints":{"allow":["GET"]}}],"collection":[{"href":"https:\/\/cantaevreni.com.tr\/index.php?rest_route=\/wp\/v2\/pages"}],"about":[{"href":"https:\/\/cantaevreni.com.tr\/index.php?rest_route=\/wp\/v2\/types\/page"}],"author":[{"embeddable":true,"href":"https:\/\/cantaevreni.com.tr\/index.php?rest_route=\/wp\/v2\/users\/1"}],"replies":[{"embeddable":true,"href":"https:\/\/cantaevreni.com.tr\/index.php?rest_route=%2Fwp%2Fv2%2Fcomments&post=16"}],"version-history":[{"count":4,"href":"https:\/\/cantaevreni.com.tr\/index.php?rest_route=\/wp\/v2\/pages\/16\/revisions"}],"predecessor-version":[{"id":28,"href":"https:\/\/cantaevreni.com.tr\/index.php?rest_route=\/wp\/v2\/pages\/16\/revisions\/28"}],"wp:attachment":[{"href":"https:\/\/cantaevreni.com.tr\/index.php?rest_route=%2Fwp%2Fv2%2Fmedia&parent=16"}],"curies":[{"name":"wp","href":"https:\/\/api.w.org\/{rel}","templated":true}]}}